{"id":681,"date":"2026-01-29T16:31:51","date_gmt":"2026-01-29T19:31:51","guid":{"rendered":"https:\/\/temperodecor.com.br\/?post_type=product&#038;p=681"},"modified":"2026-04-06T22:30:46","modified_gmt":"2026-04-07T01:30:46","slug":"25-libero-faucibus-nistincidunt-elementum-integer","status":"publish","type":"product","link":"https:\/\/temperodecor.com.br\/?product=25-libero-faucibus-nistincidunt-elementum-integer","title":{"rendered":"Essencial Criativo"},"content":{"rendered":"<p>As pe\u00e7as da Temp\u00earo de Cor unem formas autorais, camadas de materiais e o uso das capulanas em composi\u00e7\u00f5es que destacam cor, textura e movimento. Inspiradas na est\u00e9tica brasileira de se enfeitar, s\u00e3o cria\u00e7\u00f5es leves, confort\u00e1veis e cheias de personalidade, feitas para quem valoriza design, identidade e sofistica\u00e7\u00e3o.<\/p>\n","protected":false},"excerpt":{"rendered":"<p>As pe\u00e7as da Temp\u00earo de Cor unem formas autorais, camadas de materiais e o uso das capulanas em composi\u00e7\u00f5es que destacam cor, textura e movimento. Inspiradas na est\u00e9tica brasileira de se enfeitar, s\u00e3o cria\u00e7\u00f5es leves, confort\u00e1veis e cheias de personalidade, feitas para quem valoriza design, identidade e sofistica\u00e7\u00e3o.<\/p>\n","protected":false},"featured_media":591,"template":"","meta":[],"product_brand":[],"product_cat":[21],"product_tag":[],"class_list":{"0":"post-681","1":"product","2":"type-product","3":"status-publish","4":"has-post-thumbnail","6":"product_cat-brincos","8":"first","9":"instock","10":"shipping-taxable","11":"purchasable","12":"product-type-simple"},"_links":{"self":[{"href":"https:\/\/temperodecor.com.br\/index.php?rest_route=\/wp\/v2\/product\/681","targetHints":{"allow":["GET"]}}],"collection":[{"href":"https:\/\/temperodecor.com.br\/index.php?rest_route=\/wp\/v2\/product"}],"about":[{"href":"https:\/\/temperodecor.com.br\/index.php?rest_route=\/wp\/v2\/types\/product"}],"wp:featuredmedia":[{"embeddable":true,"href":"https:\/\/temperodecor.com.br\/index.php?rest_route=\/wp\/v2\/media\/591"}],"wp:attachment":[{"href":"https:\/\/temperodecor.com.br\/index.php?rest_route=%2Fwp%2Fv2%2Fmedia&parent=681"}],"wp:term":[{"taxonomy":"product_brand","embeddable":true,"href":"https:\/\/temperodecor.com.br\/index.php?rest_route=%2Fwp%2Fv2%2Fproduct_brand&post=681"},{"taxonomy":"product_cat","embeddable":true,"href":"https:\/\/temperodecor.com.br\/index.php?rest_route=%2Fwp%2Fv2%2Fproduct_cat&post=681"},{"taxonomy":"product_tag","embeddable":true,"href":"https:\/\/temperodecor.com.br\/index.php?rest_route=%2Fwp%2Fv2%2Fproduct_tag&post=681"}],"curies":[{"name":"wp","href":"https:\/\/api.w.org\/{rel}","templated":true}]}}